{"id":549,"date":"2018-11-28T11:58:48","date_gmt":"2018-11-28T11:58:48","guid":{"rendered":"https:\/\/odeceixesurfschool.com\/?page_id=549"},"modified":"2023-10-11T16:10:26","modified_gmt":"2023-10-11T16:10:26","slug":"der-ort","status":"publish","type":"page","link":"https:\/\/odeceixesurfschool.com\/de\/der-ort\/","title":{"rendered":"Der Ort"},"content":{"rendered":"<div id='layer_slider_1'  class='avia-layerslider main_color avia-shadow  avia-builder-el-0  el_before_av_hr  avia-builder-el-first  container_wrap sidebar_right'  style='height: 401px;'  ><\/div><div id='after_layer_slider_1'  class='main_color av_default_container_wrap container_wrap sidebar_right'  ><div class='container av-section-cont-open' ><div class='template-page content  av-content-small alpha units'><div class='post-entry post-entry-type-page post-entry-549'><div class='entry-content-wrapper clearfix'>\n\n<style type=\"text\/css\" data-created_by=\"avia_inline_auto\" id=\"style-css-av-2z1hqd-4ca5931bee3d95f2017880c425333624\">\n#top .hr.hr-invisible.av-2z1hqd-4ca5931bee3d95f2017880c425333624{\nheight:30px;\n}\n<\/style>\n<div  class='hr av-2z1hqd-4ca5931bee3d95f2017880c425333624 hr-invisible  avia-builder-el-1  el_after_av_layerslider  el_before_av_three_fifth  avia-builder-el-first '><span class='hr-inner '><span class=\"hr-inner-style\"><\/span><\/span><\/div>\n<div class='flex_column_table av-2qat11-e5dfe6b85bb180b2410f53e3eb312451 sc-av_three_fifth av-equal-height-column-flextable'>\n<style type=\"text\/css\" data-created_by=\"avia_inline_auto\" id=\"style-css-av-2qat11-e5dfe6b85bb180b2410f53e3eb312451\">\n.flex_column.av-2qat11-e5dfe6b85bb180b2410f53e3eb312451{\nborder-radius:0px 0px 0px 0px;\npadding:0px 0px 0px 0px;\n}\n<\/style>\n<div  class='flex_column av-2qat11-e5dfe6b85bb180b2410f53e3eb312451 av_three_fifth  avia-builder-el-2  el_after_av_hr  el_before_av_two_fifth  first flex_column_table_cell av-equal-height-column av-align-middle av-zero-column-padding  '     ><section  class='av_textblock_section av-jp142hcc-f2d83c37db9925ae15419a8fcb25fede '   itemscope=\"itemscope\" itemtype=\"https:\/\/schema.org\/CreativeWork\" ><div class='avia_textblock'  itemprop=\"text\" ><h3>DIE\u00a0<span class=\"themecolor\">ALGARVE<\/span><\/h3>\n<p>Das Leben an der S\u00fcdwestspitze Europas ist einfach. An Portugals westlicher Algarve leben die Menschen vom Fischerboot zum Tisch, M\u00e4nner mit Wollm\u00fctzen stehen in der Sonne vor den Caf\u00e9s in Familienbesitz, die \u00fcber Espressos und Zigaretten verweilen, und es ist nicht ungew\u00f6hnlich, dass ein Pferdewagen vorbei f\u00e4hrt oder ein Hirte seine Herde \u00fcber einen staubigen H\u00fcgel treibt.<\/p>\n<p>Die Surfschule Odeceixe befindet sich am unber\u00fchrtesten Teil der westlichen Algarve: der Costa Vicentina. Dieses wilde K\u00fcstenschutzgebiet erstreckt sich n\u00f6rdlich von unserem Heimatstrand Odeceixe bis nach Sagres an der S\u00fcdwestspitze Portugals. Es ist eine K\u00fcstenoase mit unber\u00fchrten Str\u00e4nden, Klippen, felsigen Buchten und Inseln, Feuchtgebieten und bewaldeten H\u00fcgeln.<\/p>\n<\/div><\/section><\/div>\n<div class='av-flex-placeholder'><\/div>\n<style type=\"text\/css\" data-created_by=\"avia_inline_auto\" id=\"style-css-av-2jeir9-48da67b72ecf86171e3cc19b2fefcfd8\">\n.flex_column.av-2jeir9-48da67b72ecf86171e3cc19b2fefcfd8{\nborder-radius:0px 0px 0px 0px;\npadding:0px 0px 0px 0px;\n}\n<\/style>\n<div  class='flex_column av-2jeir9-48da67b72ecf86171e3cc19b2fefcfd8 av_two_fifth  avia-builder-el-4  el_after_av_three_fifth  el_before_av_hr  flex_column_table_cell av-equal-height-column av-align-middle av-zero-column-padding  '     ><section  class='av_textblock_section av-2cnt3p-baaea2d39f61348647d1bcf0714ef74d '   itemscope=\"itemscope\" itemtype=\"https:\/\/schema.org\/CreativeWork\" ><div class='avia_textblock'  itemprop=\"text\" ><p><a class=\"avia_activate_lightbox\" href=\"https:\/\/odeceixesurfschool.com\/wp-content\/uploads\/2018\/03\/west-algarve.jpg\"><img decoding=\"async\" class=\"alignright size-portfolio wp-image-222\" src=\"https:\/\/odeceixesurfschool.com\/wp-content\/uploads\/2018\/03\/west-algarve-preview.jpg\" alt=\"\" width=\"100%\" height=\"auto\" srcset=\"https:\/\/odeceixesurfschool.com\/wp-content\/uploads\/2018\/03\/west-algarve-preview.jpg 960w, https:\/\/odeceixesurfschool.com\/wp-content\/uploads\/2018\/03\/west-algarve-preview-300x173.jpg 300w, https:\/\/odeceixesurfschool.com\/wp-content\/uploads\/2018\/03\/west-algarve-preview-768x442.jpg 768w, https:\/\/odeceixesurfschool.com\/wp-content\/uploads\/2018\/03\/west-algarve-preview-705x405.jpg 705w, https:\/\/odeceixesurfschool.com\/wp-content\/uploads\/2018\/03\/west-algarve-preview-450x259.jpg 450w\" sizes=\"(max-width: 960px) 100vw, 960px\" \/><\/a><\/p>\n<\/div><\/section><\/div><\/div><!--close column table wrapper. Autoclose: 1 -->\n\n<style type=\"text\/css\" data-created_by=\"avia_inline_auto\" id=\"style-css-av-28wr7x-de1090459499aabe7401accd2184b16d\">\n#top .hr.hr-invisible.av-28wr7x-de1090459499aabe7401accd2184b16d{\nheight:20px;\n}\n<\/style>\n<div  class='hr av-28wr7x-de1090459499aabe7401accd2184b16d hr-invisible  avia-builder-el-6  el_after_av_two_fifth  el_before_av_three_fifth '><span class='hr-inner '><span class=\"hr-inner-style\"><\/span><\/span><\/div>\n<div class='flex_column_table av-22dad9-b00d11d4c636c8b5753d43bdd3342383 sc-av_three_fifth av-equal-height-column-flextable'>\n<style type=\"text\/css\" data-created_by=\"avia_inline_auto\" id=\"style-css-av-22dad9-b00d11d4c636c8b5753d43bdd3342383\">\n.flex_column.av-22dad9-b00d11d4c636c8b5753d43bdd3342383{\nborder-radius:0px 0px 0px 0px;\npadding:0px 0px 0px 0px;\n}\n<\/style>\n<div  class='flex_column av-22dad9-b00d11d4c636c8b5753d43bdd3342383 av_three_fifth  avia-builder-el-7  el_after_av_hr  el_before_av_two_fifth  first flex_column_table_cell av-equal-height-column av-align-middle av-zero-column-padding  '     ><section  class='av_textblock_section av-jp144uep-d85308f2c96834100fb413360d84fb6a '   itemscope=\"itemscope\" itemtype=\"https:\/\/schema.org\/CreativeWork\" ><div class='avia_textblock'  itemprop=\"text\" ><h3><span class=\"themecolor\">DAS DORF ODECEIXE<\/span><\/h3>\n<p>Odeceixe ist ein typisches, kleines portugiesisches Dorf. Nur drei Kilometer vom Strand entfernt, ist es ruhig, authentisch und es gibt viel zu tun, wenn Sie nicht am Strand sind.<\/p>\n<p>Es liegt direkt an der Rota Vicentina, einem Wanderweg, der 350 km n\u00f6rdlich von Europas S\u00fcdwestspitze f\u00fchrt. Es ist ideal f\u00fcr Tageswanderungen sowie f\u00fcr k\u00fcrzere und l\u00e4ngere Wanderungen. Sie k\u00f6nnen der K\u00fcste auf dem Fischerweg folgen oder einen Abstecher ins Landesinnere unternehmen, um D\u00f6rfer auf dem historischen Weg zu besuchen.<\/p>\n<p>Odeceixe liegt auch am Fluss Seixe; Es gibt einen Spazierweg am Flussufer, der zum Strand f\u00fchrt.<\/p>\n<p>Das Dorf selbst verf\u00fcgt \u00fcber traditionelle Tavernen, die auf Meeresfr\u00fcchte wie Sardinen, Kraken und G\u00e4nsespeck (lokale Delikatesse) spezialisiert sind. Sie k\u00f6nnen durch die kopfsteingepflasterten Stra\u00dfen der Stadt schlendern, die alte Windm\u00fchle mit Segeltuchfl\u00fcgeln besichtigen oder lokal gefertigte Souvenirs wie Olivenholzschalen, Keramikbecher oder handgefertigte K\u00f6rbe kaufen.<\/p>\n<\/div><\/section><\/div>\n<div class='av-flex-placeholder'><\/div>\n<style type=\"text\/css\" data-created_by=\"avia_inline_auto\" id=\"style-css-av-1wbqkt-e4a0bebb4ece32840ffab54f36c1fc7f\">\n.flex_column.av-1wbqkt-e4a0bebb4ece32840ffab54f36c1fc7f{\nborder-radius:0px 0px 0px 0px;\npadding:0px 0px 0px 0px;\nbackground-color:#efefef;\n}\n<\/style>\n<div  class='flex_column av-1wbqkt-e4a0bebb4ece32840ffab54f36c1fc7f av_two_fifth  avia-builder-el-9  el_after_av_three_fifth  el_before_av_hr  flex_column_table_cell av-equal-height-column av-align-middle av-zero-column-padding  '     ><section  class='av_textblock_section av-66dtp-40f186736b4421b4631648aad8df21b0 '   itemscope=\"itemscope\" itemtype=\"https:\/\/schema.org\/CreativeWork\" ><div class='avia_textblock'  itemprop=\"text\" ><h3 style=\"text-align: center;\">Nice photo of the village<\/h3>\n<\/div><\/section><\/div><\/div><!--close column table wrapper. Autoclose: 1 -->\n\n<style type=\"text\/css\" data-created_by=\"avia_inline_auto\" id=\"style-css-av-1kadhx-e34c6c854d33bb2996c500872ea31a47\">\n#top .hr.hr-invisible.av-1kadhx-e34c6c854d33bb2996c500872ea31a47{\nheight:30px;\n}\n<\/style>\n<div  class='hr av-1kadhx-e34c6c854d33bb2996c500872ea31a47 hr-invisible  avia-builder-el-11  el_after_av_two_fifth  el_before_av_google_map  avia-builder-el-last '><span class='hr-inner '><span class=\"hr-inner-style\"><\/span><\/span><\/div>\n<div  class='av_gmaps_sc_main_wrap av_gmaps_main_wrap '><div id='av_gmap_0' class='avia-google-map-container avia-google-map-sc av_gmaps_show_unconditionally av-no-fallback-img ' data-mapid='av_gmap_0'  style='height: 400px;'><a class=\"av_gmaps_browser_disabled av_text_confirm_link av_text_confirm_link_visible\" href=\"https:\/\/www.google.com\/maps\/search\/?api=1&#038;query=Praia%20Odeceixe%208670-320%20%20Praia%20De%20Odeceixe%20%20Portugal\" target=\"_blank\">Aufgrund deiner Datenschutz-Einstellungen k\u00f6nnen wir Ihnen die Karte nicht anzeigen. Klicken Sie hier, um die Karte in einem neuen Fenster zu \u00f6ffnen.<\/a><\/div><\/div>\n\n<style type=\"text\/css\" data-created_by=\"avia_inline_auto\" id=\"style-css-av-13zjq5-65b1cb4343a36bc3bc060b17ae530fd1\">\n#top .hr.hr-invisible.av-13zjq5-65b1cb4343a36bc3bc060b17ae530fd1{\nheight:30px;\n}\n<\/style>\n<div  class='hr av-13zjq5-65b1cb4343a36bc3bc060b17ae530fd1 hr-invisible  avia-builder-el-13  el_after_av_google_map  el_before_av_textblock  avia-builder-el-first '><span class='hr-inner '><span class=\"hr-inner-style\"><\/span><\/span><\/div>\n<section  class='av_textblock_section av-jp146524-6de282e0f452813c6b6bd2fb5ab5023f '   itemscope=\"itemscope\" itemtype=\"https:\/\/schema.org\/CreativeWork\" ><div class='avia_textblock'  itemprop=\"text\" ><h2>DIE STR\u00c4NDE<\/h2>\n<p><strong>An vier sch\u00f6nen Str\u00e4nden in der westlichen Algarve, nur eine kurze Autofahrt vom Dorf Odeceixe entfernt, finden Sie Surfunterricht.<\/strong><\/p>\n<p>Die Surfbedingungen \u00e4ndern sich mit dem Wind, dem Wellengang und der Flut jeden Tag, aber wir \u00fcberwachen st\u00e4ndig die Bedingungen und finden den besten Strand f\u00fcr Ihre Erfahrung. Alle diese Str\u00e4nde werden w\u00e4hrend der Sommermonate von Rettungsschwimmern \u00fcberwacht.<\/p>\n<\/div><\/section>\n\n<style type=\"text\/css\" data-created_by=\"avia_inline_auto\" id=\"style-css-av-ypznh-ae6f32a25a1af263d340a86edc641d0a\">\n.flex_column.av-ypznh-ae6f32a25a1af263d340a86edc641d0a{\nborder-radius:0px 0px 0px 0px;\npadding:0px 0px 0px 0px;\n}\n<\/style>\n<div  class='flex_column av-ypznh-ae6f32a25a1af263d340a86edc641d0a av_one_half  avia-builder-el-15  el_after_av_textblock  el_before_av_one_half  first flex_column_div av-zero-column-padding  column-top-margin'     ><section  class='av_textblock_section av-jp147vyz-c5f4f7d7924fc0fadf6ff73225c484b8 '   itemscope=\"itemscope\" itemtype=\"https:\/\/schema.org\/CreativeWork\" ><div class='avia_textblock'  itemprop=\"text\" ><h3>Odeceixe<\/h3>\n<p>Es ist kaum zu glauben, dass es auf dem europ\u00e4ischen Festland noch Str\u00e4nde wie Odeceixe gibt. Dies ist nicht nur unser Heimatstrand, sondern einer der sch\u00f6nsten Str\u00e4nde dieser K\u00fcste mit sauberem wei\u00dfen Sand und klarem, blaugr\u00fcnem Wasser. Und weil der Fluss Seixe hier auf das Meer trifft, k\u00f6nnen Sie das Salz nach der Brandung im S\u00fc\u00dfwasser absp\u00fclen.<\/p>\n<p>Es wurde sogar von Rough Guides 2017 zu einem der 10 besten Str\u00e4nde in Portugal gek\u00fcrt.<\/p>\n<p>Odeceixe ist auch einer der am meisten gesch\u00fctzten Str\u00e4nde der westlichen Algarve und eignet sich daher ideal zum Surfen lernen.<\/p>\n<\/div><\/section><\/div>\n\n<style type=\"text\/css\" data-created_by=\"avia_inline_auto\" id=\"style-css-av-tpfnh-798c604072d05183fdc1517072921fd7\">\n.flex_column.av-tpfnh-798c604072d05183fdc1517072921fd7{\nborder-radius:0px 0px 0px 0px;\npadding:0px 0px 0px 0px;\n}\n<\/style>\n<div  class='flex_column av-tpfnh-798c604072d05183fdc1517072921fd7 av_one_half  avia-builder-el-17  el_after_av_one_half  el_before_av_one_half  flex_column_div av-zero-column-padding  column-top-margin'     ><section  class='av_textblock_section av-jp148fvu-ad3b99e767a9523b26863faf0f30634f '   itemscope=\"itemscope\" itemtype=\"https:\/\/schema.org\/CreativeWork\" ><div class='avia_textblock'  itemprop=\"text\" ><h3>Arrifana<\/h3>\n<p>Dieser lange Strand aus goldenem Sand liegt in einer halbmondf\u00f6rmigen Bucht, die von hohen Meeresklippen gesch\u00fctzt wird, die ihn vor dem kalten Nordwind sch\u00fctzen. Es ist ein beliebter Surfstrand und kann in den Sommermonaten \u00fcberf\u00fcllt sein. Wenn wir Sie jedoch dorthin bringen, finden wir einen Platz au\u00dferhalb der Surfer.<\/p>\n<p>Den Strand zu erreichen ist die H\u00e4lfte des Spa\u00dfes: eine kurvenreiche, kurvenreiche Stra\u00dfe von der Spitze der Meeresklippen bis zum Strand, wo sich einige Bars und Restaurants befinden.<\/p>\n<\/div><\/section><\/div>\n\n<style type=\"text\/css\" data-created_by=\"avia_inline_auto\" id=\"style-css-av-mkzed-4f8027452da1ead0096c6f5ffbb88f68\">\n.flex_column.av-mkzed-4f8027452da1ead0096c6f5ffbb88f68{\nborder-radius:0px 0px 0px 0px;\npadding:0px 0px 0px 0px;\n}\n<\/style>\n<div  class='flex_column av-mkzed-4f8027452da1ead0096c6f5ffbb88f68 av_one_half  avia-builder-el-19  el_after_av_one_half  el_before_av_one_half  first flex_column_div av-zero-column-padding  column-top-margin'     ><section  class='av_textblock_section av-jp1495iw-fc8ee97f93a8708b687c43d951e213cd '   itemscope=\"itemscope\" itemtype=\"https:\/\/schema.org\/CreativeWork\" ><div class='avia_textblock'  itemprop=\"text\" ><h3>Amoreira<\/h3>\n<p>Amoreira ist der unber\u00fchrteste aller lokalen Str\u00e4nde und hat eine echte &#8222;weg von allem&#8220; Atmosph\u00e4re. Es ist auch einer der l\u00e4ngsten der vier Str\u00e4nde, die wir f\u00fcr Surfkurse nutzen, und bietet eine Vielzahl von Surfpausen.<\/p>\n<p>Amoreira liegt an der M\u00fcndung des Aljezur-Flusses, der das Amoreira-Tal hinauf und \u00f6stlich in die Stadt Aljezur flie\u00dft und eine Reihe von Lagunen bildet. Sandd\u00fcnen bieten Schutz vor dem Wind und bei Ebbe bildet das Wasser flache Becken, in denen Kinder sicher spielen k\u00f6nnen.<\/p>\n<p>Abh\u00e4ngig von den Bedingungen ist Amoreira oft ein gro\u00dfartiger Strand, um sich vom Fang von Wildwasser zu \u201egr\u00fcnen\u201c Wellen auf dem R\u00fccken zu begeben.<\/p>\n<\/div><\/section><\/div>\n\n<style type=\"text\/css\" data-created_by=\"avia_inline_auto\" id=\"style-css-av-h7lz9-bdb013c83694041e7fc811964ec75ed5\">\n.flex_column.av-h7lz9-bdb013c83694041e7fc811964ec75ed5{\nborder-radius:0px 0px 0px 0px;\npadding:0px 0px 0px 0px;\n}\n<\/style>\n<div  class='flex_column av-h7lz9-bdb013c83694041e7fc811964ec75ed5 av_one_half  avia-builder-el-21  el_after_av_one_half  el_before_av_hr  flex_column_div av-zero-column-padding  column-top-margin'     ><section  class='av_textblock_section av-jp149ufe-fbb91fffd8cfb38bebcd6bf2cd5ad5cb '   itemscope=\"itemscope\" itemtype=\"https:\/\/schema.org\/CreativeWork\" ><div class='avia_textblock'  itemprop=\"text\" ><h3>Monte Clerigo<\/h3>\n<p>Dies ist einer der malerischsten Str\u00e4nde in der Umgebung, mit einem wei\u00df get\u00fcnchten Dorf mit roten D\u00e4chern, das an seinem s\u00fcdlichen Ende den kleinen H\u00fcgel hinabflie\u00dft, und einem breiten gr\u00fcnen Tal, das sich im Landesinneren erstreckt.<\/p>\n<p>Sie erreichen den Monte Clerigo von der Nordseite aus \u00fcber die Sandd\u00fcnen oder \u00fcber das Dorf, in dem sich einige kleine Caf\u00e9s und Restaurants befinden.<\/p>\n<p>Es ist ein familienfreundlicher Strand, der ideal f\u00fcr Anf\u00e4nger ist, da er normalerweise kleine Wellen hat und die Sandd\u00fcnen am n\u00f6rdlichen Ende des Strandes etwas Windschutz bieten. Bei Ebbe finden Sie nat\u00fcrliche Felsenbecken am s\u00fcdlichen Ende des Strandes.<\/p>\n<\/div><\/section><\/div>\n\n<style type=\"text\/css\" data-created_by=\"avia_inline_auto\" id=\"style-css-av-apool-c6b46c439d9e6f06029cbd3dcb5c968e\">\n#top .hr.hr-invisible.av-apool-c6b46c439d9e6f06029cbd3dcb5c968e{\nheight:30px;\n}\n<\/style>\n<div  class='hr av-apool-c6b46c439d9e6f06029cbd3dcb5c968e hr-invisible  avia-builder-el-23  el_after_av_one_half  avia-builder-el-last '><span class='hr-inner '><span class=\"hr-inner-style\"><\/span><\/span><\/div>\n","protected":false},"excerpt":{"rendered":"","protected":false},"author":1,"featured_media":0,"parent":0,"menu_order":0,"comment_status":"closed","ping_status":"closed","template":"","meta":{"footnotes":""},"class_list":["post-549","page","type-page","status-publish","hentry"],"_links":{"self":[{"href":"https:\/\/odeceixesurfschool.com\/de\/wp-json\/wp\/v2\/pages\/549","targetHints":{"allow":["GET"]}}],"collection":[{"href":"https:\/\/odeceixesurfschool.com\/de\/wp-json\/wp\/v2\/pages"}],"about":[{"href":"https:\/\/odeceixesurfschool.com\/de\/wp-json\/wp\/v2\/types\/page"}],"author":[{"embeddable":true,"href":"https:\/\/odeceixesurfschool.com\/de\/wp-json\/wp\/v2\/users\/1"}],"replies":[{"embeddable":true,"href":"https:\/\/odeceixesurfschool.com\/de\/wp-json\/wp\/v2\/comments?post=549"}],"version-history":[{"count":7,"href":"https:\/\/odeceixesurfschool.com\/de\/wp-json\/wp\/v2\/pages\/549\/revisions"}],"predecessor-version":[{"id":760,"href":"https:\/\/odeceixesurfschool.com\/de\/wp-json\/wp\/v2\/pages\/549\/revisions\/760"}],"wp:attachment":[{"href":"https:\/\/odeceixesurfschool.com\/de\/wp-json\/wp\/v2\/media?parent=549"}],"curies":[{"name":"wp","href":"https:\/\/api.w.org\/{rel}","templated":true}]}}