{"id":635,"date":"2019-06-17T12:06:29","date_gmt":"2019-06-17T12:06:29","guid":{"rendered":"https:\/\/odeceixesurfschool.com\/?page_id=635"},"modified":"2023-10-11T16:08:18","modified_gmt":"2023-10-11T16:08:18","slug":"posizione","status":"publish","type":"page","link":"https:\/\/odeceixesurfschool.com\/it\/posizione\/","title":{"rendered":"Posizione"},"content":{"rendered":"<div id='layer_slider_1'  class='avia-layerslider main_color avia-shadow  avia-builder-el-0  el_before_av_hr  avia-builder-el-first  container_wrap sidebar_right'  style='height: 401px;'  ><\/div><div id='after_layer_slider_1'  class='main_color av_default_container_wrap container_wrap sidebar_right'  ><div class='container av-section-cont-open' ><div class='template-page content  av-content-small alpha units'><div class='post-entry post-entry-type-page post-entry-635'><div class='entry-content-wrapper clearfix'>\n\n<style type=\"text\/css\" data-created_by=\"avia_inline_auto\" id=\"style-css-av-2xj0dn-c0937f3db46bdfe05594ccf6788f2ec4\">\n#top .hr.hr-invisible.av-2xj0dn-c0937f3db46bdfe05594ccf6788f2ec4{\nheight:30px;\n}\n<\/style>\n<div  class='hr av-2xj0dn-c0937f3db46bdfe05594ccf6788f2ec4 hr-invisible  avia-builder-el-1  el_after_av_layerslider  el_before_av_three_fifth  avia-builder-el-first '><span class='hr-inner '><span class=\"hr-inner-style\"><\/span><\/span><\/div>\n<div class='flex_column_table av-2qnd97-459510282c1ab0a1c2aca56da9f12076 sc-av_three_fifth av-equal-height-column-flextable'>\n<style type=\"text\/css\" data-created_by=\"avia_inline_auto\" id=\"style-css-av-2qnd97-459510282c1ab0a1c2aca56da9f12076\">\n.flex_column.av-2qnd97-459510282c1ab0a1c2aca56da9f12076{\nborder-radius:0px 0px 0px 0px;\npadding:0px 0px 0px 0px;\n}\n<\/style>\n<div  class='flex_column av-2qnd97-459510282c1ab0a1c2aca56da9f12076 av_three_fifth  avia-builder-el-2  el_after_av_hr  el_before_av_two_fifth  first flex_column_table_cell av-equal-height-column av-align-middle av-zero-column-padding  '     ><section  class='av_textblock_section av-jx0bwrha-3e55fa5426cd91119eeb884bf9f408d4 '   itemscope=\"itemscope\" itemtype=\"https:\/\/schema.org\/CreativeWork\" ><div class='avia_textblock'  itemprop=\"text\" ><h3><span class=\"themecolor\">ALGARVE<\/span><\/h3>\n<p>La vita \u00e8 molto semplice nella punta pi\u00f9 a sud-ovest dell\u2019Europa. Nella regione occidentale del Portogallo, l\u2019Algarve, i pescatori portano il pesce dalla loro barca direttamente a casa. Uomini con cappelli di lana rimangono seduti al sole fuori dai bar a gestione famigliare, rilassandosi tra un caff\u00e8 e una sigaretta. Non \u00e8 cos\u00ec raro incontrare per strada un carretto trainato da un cavallo, o un pastore che conduce il suo gregge attraverso le colline della zona.<\/p>\n<p>La Odeceixe Surf School si trova in uno dei luoghi pi\u00f2 intoccati dell\u2019Algarve occidentale: la Costa Vicentina. Questa zona \u00e8 una riserva naturale selvaggia che inizia poco pi\u00f9 a Nord di Odeceixe, la nostra spiaggia base, fino a Sagres, la punta pi\u00f9 a sud-ovest del Portogallo. E\u2019 una vera oasi costiera con spiagge incontaminate, scogliere, baie rocciose, piccole isole, lagune e foreste.<\/p>\n<\/div><\/section><\/div>\n<div class='av-flex-placeholder'><\/div>\n<style type=\"text\/css\" data-created_by=\"avia_inline_auto\" id=\"style-css-av-2jjx9n-9849a7ad965f3d079b2f3b1ebefcbccb\">\n.flex_column.av-2jjx9n-9849a7ad965f3d079b2f3b1ebefcbccb{\nborder-radius:0px 0px 0px 0px;\npadding:0px 0px 0px 0px;\n}\n<\/style>\n<div  class='flex_column av-2jjx9n-9849a7ad965f3d079b2f3b1ebefcbccb av_two_fifth  avia-builder-el-4  el_after_av_three_fifth  el_before_av_hr  flex_column_table_cell av-equal-height-column av-align-middle av-zero-column-padding  '     ><section  class='av_textblock_section av-2f08ir-c0f6c7f932f7ee578d9293547bd41b28 '   itemscope=\"itemscope\" itemtype=\"https:\/\/schema.org\/CreativeWork\" ><div class='avia_textblock'  itemprop=\"text\" ><p><a class=\"avia_activate_lightbox\" href=\"https:\/\/odeceixesurfschool.com\/wp-content\/uploads\/2018\/03\/west-algarve.jpg\"><img decoding=\"async\" class=\"alignright size-portfolio wp-image-222\" src=\"https:\/\/odeceixesurfschool.com\/wp-content\/uploads\/2018\/03\/west-algarve-preview.jpg\" alt=\"\" width=\"100%\" height=\"auto\" srcset=\"https:\/\/odeceixesurfschool.com\/wp-content\/uploads\/2018\/03\/west-algarve-preview.jpg 960w, https:\/\/odeceixesurfschool.com\/wp-content\/uploads\/2018\/03\/west-algarve-preview-300x173.jpg 300w, https:\/\/odeceixesurfschool.com\/wp-content\/uploads\/2018\/03\/west-algarve-preview-768x442.jpg 768w, https:\/\/odeceixesurfschool.com\/wp-content\/uploads\/2018\/03\/west-algarve-preview-705x405.jpg 705w, https:\/\/odeceixesurfschool.com\/wp-content\/uploads\/2018\/03\/west-algarve-preview-450x259.jpg 450w\" sizes=\"(max-width: 960px) 100vw, 960px\" \/><\/a><\/p>\n<\/div><\/section><\/div><\/div><!--close column table wrapper. Autoclose: 1 -->\n\n<style type=\"text\/css\" data-created_by=\"avia_inline_auto\" id=\"style-css-av-28owvn-2f342087719729ffed568992d54f7af5\">\n#top .hr.hr-invisible.av-28owvn-2f342087719729ffed568992d54f7af5{\nheight:20px;\n}\n<\/style>\n<div  class='hr av-28owvn-2f342087719729ffed568992d54f7af5 hr-invisible  avia-builder-el-6  el_after_av_two_fifth  el_before_av_three_fifth '><span class='hr-inner '><span class=\"hr-inner-style\"><\/span><\/span><\/div>\n<div class='flex_column_table av-22kigr-dabda149c9085292563af63e5794c30c sc-av_three_fifth av-equal-height-column-flextable'>\n<style type=\"text\/css\" data-created_by=\"avia_inline_auto\" id=\"style-css-av-22kigr-dabda149c9085292563af63e5794c30c\">\n.flex_column.av-22kigr-dabda149c9085292563af63e5794c30c{\nborder-radius:0px 0px 0px 0px;\npadding:0px 0px 0px 0px;\n}\n<\/style>\n<div  class='flex_column av-22kigr-dabda149c9085292563af63e5794c30c av_three_fifth  avia-builder-el-7  el_after_av_hr  el_before_av_two_fifth  first flex_column_table_cell av-equal-height-column av-align-middle av-zero-column-padding  '     ><section  class='av_textblock_section av-jx0bxjha-20b6533aae8da8f2f6fdac98248df66b '   itemscope=\"itemscope\" itemtype=\"https:\/\/schema.org\/CreativeWork\" ><div class='avia_textblock'  itemprop=\"text\" ><h3><span class=\"themecolor\">ODECEIXE<\/span><\/h3>\n<p>Odeceixe \u00e8 un tipico villaggio portoghese. A soli 3 chilometri dalla spiaggia, \u00e8 tranquillo autentico e con molte alternative per non stare in riva al mare.<\/p>\n<p>Si trova lungo la Rota Vicentina, un percorso di trekking di circa 350 chilometri che parte da Nord e raggiunge il punto pi\u00f9 a Sud-Ovest dell\u2019Europa. E\u2019 perfetto per passeggiate di un giorno, scegliendo percorsi pi\u00f9 lunghi o pi\u00f9 corti in base alle proprie necessit\u00e0. Si pu\u00f2 scegliere tra il Percorso dei Pescatori (Fisherman\u2019s Trail) oppure la strada storica (Historic Path) un po\u2019 pi\u00f9 interna che permette di visitare i diversi villaggi.<\/p>\n<p>Odeceixe \u00e8 attraversata dal fiume Seixe. Con una passeggiata a lungo fiume, si arriva direttamente alla spiaggia.<\/p>\n<p>In paese si trovano piccole taverne locali, dove poter assaggiare alcuni piatti di pescato tipici: sardine, polpo e crostacei locali. Attraversando le strette strade di ciottolato, si pu\u00f2 raggiungere l\u2019antico mulino a vento con le caratteristiche pale in canvas. Cestini fatti a mano, ceramiche colorate e coppette in legno d\u2019ulivo sono il regalo ideale da portare a casa.<\/p>\n<\/div><\/section><\/div>\n<div class='av-flex-placeholder'><\/div>\n<style type=\"text\/css\" data-created_by=\"avia_inline_auto\" id=\"style-css-av-ojz7-3828727cdcd98a3e902b8553335d1d9c\">\n.flex_column.av-ojz7-3828727cdcd98a3e902b8553335d1d9c{\nborder-radius:0px 0px 0px 0px;\npadding:0px 0px 0px 0px;\nbackground-color:#efefef;\n}\n<\/style>\n<div  class='flex_column av-ojz7-3828727cdcd98a3e902b8553335d1d9c av_two_fifth  avia-builder-el-9  el_after_av_three_fifth  el_before_av_hr  flex_column_table_cell av-equal-height-column av-align-middle av-zero-column-padding  '     ><section  class='av_textblock_section av-1sx5u3-866d339df33c7e574a488a98ce980ea0 '   itemscope=\"itemscope\" itemtype=\"https:\/\/schema.org\/CreativeWork\" ><div class='avia_textblock'  itemprop=\"text\" ><h3 style=\"text-align: center;\">Nice photo of the village<\/h3>\n<\/div><\/section><\/div><\/div><!--close column table wrapper. Autoclose: 1 -->\n\n<style type=\"text\/css\" data-created_by=\"avia_inline_auto\" id=\"style-css-av-1ll7ir-069bd5a2d9fb9eb129476312fc3fe1b7\">\n#top .hr.hr-invisible.av-1ll7ir-069bd5a2d9fb9eb129476312fc3fe1b7{\nheight:30px;\n}\n<\/style>\n<div  class='hr av-1ll7ir-069bd5a2d9fb9eb129476312fc3fe1b7 hr-invisible  avia-builder-el-11  el_after_av_two_fifth  el_before_av_google_map  avia-builder-el-last '><span class='hr-inner '><span class=\"hr-inner-style\"><\/span><\/span><\/div>\n<div  class='av_gmaps_sc_main_wrap av_gmaps_main_wrap '><div id='av_gmap_0' class='avia-google-map-container avia-google-map-sc av_gmaps_show_unconditionally av-no-fallback-img ' data-mapid='av_gmap_0'  style='height: 400px;'><a class=\"av_gmaps_browser_disabled av_text_confirm_link av_text_confirm_link_visible\" href=\"https:\/\/www.google.com\/maps\/search\/?api=1&#038;query=Praia%20Odeceixe%208670-320%20%20Praia%20De%20Odeceixe%20%20Portugal\" target=\"_blank\">Le mappe sono state disabilitate dal visitatore di questo sito. Clicca per aprire la mappa in una nuova finestra.<\/a><\/div><\/div>\n\n<style type=\"text\/css\" data-created_by=\"avia_inline_auto\" id=\"style-css-av-12kcff-3be2325c83f69eea6b899b077af641e5\">\n#top .hr.hr-invisible.av-12kcff-3be2325c83f69eea6b899b077af641e5{\nheight:30px;\n}\n<\/style>\n<div  class='hr av-12kcff-3be2325c83f69eea6b899b077af641e5 hr-invisible  avia-builder-el-13  el_after_av_google_map  el_before_av_textblock  avia-builder-el-first '><span class='hr-inner '><span class=\"hr-inner-style\"><\/span><\/span><\/div>\n<section  class='av_textblock_section av-jx0bz4mf-b6edc37a5417feb27edecc60aa21b24d '   itemscope=\"itemscope\" itemtype=\"https:\/\/schema.org\/CreativeWork\" ><div class='avia_textblock'  itemprop=\"text\" ><h2>LE <span class=\"themecolor\">SPIAGGE<\/span><\/h2>\n<p><strong>Le nostre lezioni si svolgono su quattro spiagge dell\u2019Algarve occidentale, a poca distanza dal paese di Odeceixe. Tutte le spiagge sono sorvegliate da bagnini durante i mesi estivi. <\/strong><\/p>\n<\/div><\/section>\n\n<style type=\"text\/css\" data-created_by=\"avia_inline_auto\" id=\"style-css-av-v62s3-51a1115392e4521f32251b4eb9b59284\">\n.flex_column.av-v62s3-51a1115392e4521f32251b4eb9b59284{\nborder-radius:0px 0px 0px 0px;\npadding:0px 0px 0px 0px;\n}\n<\/style>\n<div  class='flex_column av-v62s3-51a1115392e4521f32251b4eb9b59284 av_one_half  avia-builder-el-15  el_after_av_textblock  el_before_av_one_half  first flex_column_div av-zero-column-padding  column-top-margin'     ><section  class='av_textblock_section av-jx0bzggn-410f8292b1219d0672dfe981a55ff6ba '   itemscope=\"itemscope\" itemtype=\"https:\/\/schema.org\/CreativeWork\" ><div class='avia_textblock'  itemprop=\"text\" ><h3>Odeceixe<\/h3>\n<p>Si fa fatica a credere che esistano ancora spiagge come Odeceixe in Europa. Non rappresenta solo la nostra spiaggia di casa ma \u00e8 una delle pi\u00f9 belle della costa, con sabbia bianca e acqua cristallina. Grazie al fiume Seixe che qui incontra il mare, ci si pu\u00f2 tuffare nell\u2019acqua dolce dopo il surf.<\/p>\n<p>E\u2019 stata nominata una delle migliori 10 spiagge del Portogallo da Rough Guides nel 2017. Odeceixe \u00e8 una delle spiagge pi\u00f9 riparate dell\u2019Algarve occidentale, creando le condizioni perfette per imparare a fare surf.<\/p>\n<\/div><\/section><\/div>\n\n<style type=\"text\/css\" data-created_by=\"avia_inline_auto\" id=\"style-css-av-qcqt7-bb1d51c0bb23ed578e0c67aebaf103cb\">\n.flex_column.av-qcqt7-bb1d51c0bb23ed578e0c67aebaf103cb{\nborder-radius:0px 0px 0px 0px;\npadding:0px 0px 0px 0px;\n}\n<\/style>\n<div  class='flex_column av-qcqt7-bb1d51c0bb23ed578e0c67aebaf103cb av_one_half  avia-builder-el-17  el_after_av_one_half  el_before_av_one_half  flex_column_div av-zero-column-padding  column-top-margin'     ><section  class='av_textblock_section av-jx0c00yd-538748bdf662446662209fefe66e1a38 '   itemscope=\"itemscope\" itemtype=\"https:\/\/schema.org\/CreativeWork\" ><div class='avia_textblock'  itemprop=\"text\" ><h3>Arrifana<\/h3>\n<p>Questa lunga spiaggia dalla sabbia dorata \u00e8 racchiusa all\u2019interno di una baia dalla forma di una cocngilia, riparata dalle alte scogliere, protegge dal freddo vento del Nord. E\u2019 una spiaggia molto popolare tra i surfisti e pu\u00f2 essere molto affollata durante i mesi estivi. Se la lezione \u00e8 svolta in questa spiaggia, vi assicuriamo che sarete lontani da altri surfisti.<\/p>\n<p>Raggiungere la spiaggia \u00e8 l\u2019inizio del divertimento: una piccola e tortuosa strada si snoda dalla cima delle scogliere fino alla spiaggia, dove si trovano alcuni bar e ristoranti.<\/p>\n<\/div><\/section><\/div>\n\n<style type=\"text\/css\" data-created_by=\"avia_inline_auto\" id=\"style-css-av-mbn1n-5429446c98c1789b4b81b32e5386bef5\">\n.flex_column.av-mbn1n-5429446c98c1789b4b81b32e5386bef5{\nborder-radius:0px 0px 0px 0px;\npadding:0px 0px 0px 0px;\n}\n<\/style>\n<div  class='flex_column av-mbn1n-5429446c98c1789b4b81b32e5386bef5 av_one_half  avia-builder-el-19  el_after_av_one_half  el_before_av_one_half  first flex_column_div av-zero-column-padding  column-top-margin'     ><section  class='av_textblock_section av-jx0c1gd6-ed1c54024ed4e24c94920f2a3ec820f6 '   itemscope=\"itemscope\" itemtype=\"https:\/\/schema.org\/CreativeWork\" ><div class='avia_textblock'  itemprop=\"text\" ><h3>Amoreira<\/h3>\n<p>Edi pura leggerezza. E\u2019 una delle spiagge pi\u00f9 lunghe tra quelle che utilizziamo per le nostre lezioni di surf, con una grande variet\u00e0 di surf breaks.<\/p>\n<p>Amoreira \u00e8 alla foce del fiume di Aljezur, che passa attraverso la valle di Amoreira, creado delle lagune naturali, per arrivare nella parte pi\u00f9 orientale di Alejzur. Le dune di sabbia riparano dal vento, e durante la bassa marea si creano piscine in superficie, dove anche i pi\u00f9 piccoli possono giocare in sicurezza.<\/p>\n<p>Secondo le condizioni, Amoreira \u00e8 una delle spiagge pi\u00f9 consigliate per passare dalle onde pi\u00f9 piccole vicino a riva a quelle che si formano a largo.<\/p>\n<\/div><\/section><\/div>\n\n<style type=\"text\/css\" data-created_by=\"avia_inline_auto\" id=\"style-css-av-ed0df-e79abd8635b1b137c07aab23fff5761e\">\n.flex_column.av-ed0df-e79abd8635b1b137c07aab23fff5761e{\nborder-radius:0px 0px 0px 0px;\npadding:0px 0px 0px 0px;\n}\n<\/style>\n<div  class='flex_column av-ed0df-e79abd8635b1b137c07aab23fff5761e av_one_half  avia-builder-el-21  el_after_av_one_half  el_before_av_hr  flex_column_div av-zero-column-padding  column-top-margin'     ><section  class='av_textblock_section av-jx0c1ujj-ee1fb15dbc0ddfe669fca19c3d54bc1d '   itemscope=\"itemscope\" itemtype=\"https:\/\/schema.org\/CreativeWork\" ><div class='avia_textblock'  itemprop=\"text\" ><h3>Monte Clerigo<\/h3>\n<p>E\u2019 una delle spiagge pi\u00f9 pittoresche della zona, con il suo piccolo villaggio di casette bianche e tipici tetti rossi, arroccate sulla scogliera. Una valle ricca di piante verdissime si sviluppa verso l\u2019interno.<\/p>\n<p>Si pu\u00f2 accedere alla spiaggia di Monte Clerigo da nord, attraversando le dune di sabbia, oppure direttamente dal piccolo villaggio dove ci sono bar e ristoranti.<\/p>\n<p>E\u2019 una spiaggia adatta alle famiglie e per i principianti grazie alle sue onde pi\u00f9 piccole e alle dune che riparano dal vento. Durante la bassa marea, nella parte pi\u00f9 rocciosa a sud della spiaggia, si creano delle piscine naturali, dove poter nuotare in tranquillit\u00e0.<\/p>\n<\/div><\/section><\/div>\n\n<style type=\"text\/css\" data-created_by=\"avia_inline_auto\" id=\"style-css-av-6pkh7-a35fd02c257fe5dfc893af3490d89fa3\">\n#top .hr.hr-invisible.av-6pkh7-a35fd02c257fe5dfc893af3490d89fa3{\nheight:30px;\n}\n<\/style>\n<div  class='hr av-6pkh7-a35fd02c257fe5dfc893af3490d89fa3 hr-invisible  avia-builder-el-23  el_after_av_one_half  avia-builder-el-last '><span class='hr-inner '><span class=\"hr-inner-style\"><\/span><\/span><\/div>\n","protected":false},"excerpt":{"rendered":"","protected":false},"author":1,"featured_media":0,"parent":0,"menu_order":0,"comment_status":"closed","ping_status":"closed","template":"","meta":{"footnotes":""},"class_list":["post-635","page","type-page","status-publish","hentry"],"_links":{"self":[{"href":"https:\/\/odeceixesurfschool.com\/it\/wp-json\/wp\/v2\/pages\/635","targetHints":{"allow":["GET"]}}],"collection":[{"href":"https:\/\/odeceixesurfschool.com\/it\/wp-json\/wp\/v2\/pages"}],"about":[{"href":"https:\/\/odeceixesurfschool.com\/it\/wp-json\/wp\/v2\/types\/page"}],"author":[{"embeddable":true,"href":"https:\/\/odeceixesurfschool.com\/it\/wp-json\/wp\/v2\/users\/1"}],"replies":[{"embeddable":true,"href":"https:\/\/odeceixesurfschool.com\/it\/wp-json\/wp\/v2\/comments?post=635"}],"version-history":[{"count":6,"href":"https:\/\/odeceixesurfschool.com\/it\/wp-json\/wp\/v2\/pages\/635\/revisions"}],"predecessor-version":[{"id":756,"href":"https:\/\/odeceixesurfschool.com\/it\/wp-json\/wp\/v2\/pages\/635\/revisions\/756"}],"wp:attachment":[{"href":"https:\/\/odeceixesurfschool.com\/it\/wp-json\/wp\/v2\/media?parent=635"}],"curies":[{"name":"wp","href":"https:\/\/api.w.org\/{rel}","templated":true}]}}