{"id":437,"date":"2018-08-14T16:25:55","date_gmt":"2018-08-14T16:25:55","guid":{"rendered":"https:\/\/odeceixesurfschool.com\/?page_id=437"},"modified":"2019-06-18T08:28:05","modified_gmt":"2019-06-18T08:28:05","slug":"sobre-nos","status":"publish","type":"page","link":"https:\/\/odeceixesurfschool.com\/pt\/sobre-nos\/","title":{"rendered":"Sobre n\u00f3s"},"content":{"rendered":"<div id='layer_slider_1'  class='avia-layerslider main_color avia-shadow  avia-builder-el-0  el_before_av_hr  avia-builder-el-first  container_wrap sidebar_right'  style='height: 401px;'  ><\/div><div id='after_layer_slider_1'  class='main_color av_default_container_wrap container_wrap sidebar_right'  ><div class='container av-section-cont-open' ><div class='template-page content  av-content-small alpha units'><div class='post-entry post-entry-type-page post-entry-437'><div class='entry-content-wrapper clearfix'>\n\n<style type=\"text\/css\" data-created_by=\"avia_inline_auto\" id=\"style-css-av-90log-e9f97d3b47ec056240e1903891c2162e\">\n#top .hr.hr-invisible.av-90log-e9f97d3b47ec056240e1903891c2162e{\nheight:30px;\n}\n<\/style>\n<div  class='hr av-90log-e9f97d3b47ec056240e1903891c2162e hr-invisible  avia-builder-el-1  el_after_av_layerslider  el_before_av_one_half  avia-builder-el-first '><span class='hr-inner '><span class=\"hr-inner-style\"><\/span><\/span><\/div>\n<div class='flex_column_table av-8jmss-004e8fda8a8a53b846cd2755df554a37 sc-av_one_half av-equal-height-column-flextable'>\n<style type=\"text\/css\" data-created_by=\"avia_inline_auto\" id=\"style-css-av-8jmss-004e8fda8a8a53b846cd2755df554a37\">\n.flex_column.av-8jmss-004e8fda8a8a53b846cd2755df554a37{\nborder-radius:0px 0px 0px 0px;\npadding:0px 0px 0px 0px;\n}\n<\/style>\n<div  class='flex_column av-8jmss-004e8fda8a8a53b846cd2755df554a37 av_one_half  avia-builder-el-2  el_after_av_hr  el_before_av_one_half  first flex_column_table_cell av-equal-height-column av-align-middle av-zero-column-padding  '     ><section  class='av_textblock_section av-888jc-ee238a7ccb3019496969f14fbcc1cfc0 '   itemscope=\"itemscope\" itemtype=\"https:\/\/schema.org\/CreativeWork\" ><div class='avia_textblock'  itemprop=\"text\" ><h3><span class=\"themecolor\">QUEM<\/span> N\u00d3S SOMOS<\/h3>\n<p>A Odeceixe Surf School foi fundada em 2008 pelo surfista local David Rosa, que ainda gere a escola com uma pequena equipa de instrutores experientes.<\/p>\n<p>N\u00f3s adoramos surfar, n\u00f3s adoramos ensinar pessoas a surfar e ajud\u00e1-las a elevar o seu surf para o n\u00edvel seguinte, e n\u00f3s adoramos esta linda faixa costeira a que chamamos casa.<\/p>\n<\/div><\/section><br \/>\n<section  class='av_textblock_section av-7hzjw-c697a8244fc4edd8035aa9ef819725cc '   itemscope=\"itemscope\" itemtype=\"https:\/\/schema.org\/CreativeWork\" ><div class='avia_textblock'  itemprop=\"text\" ><h3><span class=\"themecolor\">ONDE<\/span> ESTAMOS N\u00d3S<\/h3>\n<p>N\u00f3s estamos situados junto \u00e0 praia de Odeceixe onde temos um &#8220;espa\u00e7o de pranchas&#8221; cheio de equipamento de surf para aulas de surf e alugueres de equipamento.<\/p>\n<\/div><\/section><\/p><\/div>\n<div class='av-flex-placeholder'><\/div>\n<style type=\"text\/css\" data-created_by=\"avia_inline_auto\" id=\"style-css-av-6oaq4-1be6ee5a8541dfa24cd890a55e951c1c\">\n.flex_column.av-6oaq4-1be6ee5a8541dfa24cd890a55e951c1c{\nborder-radius:0px 0px 0px 0px;\npadding:0px 0px 0px 0px;\n}\n<\/style>\n<div  class='flex_column av-6oaq4-1be6ee5a8541dfa24cd890a55e951c1c av_one_half  avia-builder-el-5  el_after_av_one_half  el_before_av_hr  flex_column_table_cell av-equal-height-column av-align-middle av-zero-column-padding  '     ><style type=\"text\/css\" data-created_by=\"avia_inline_auto\" id=\"style-css-av-60z2c-2d3204f0ba552409f1f450aba05fb5b5\">\n.avia-image-container.av-60z2c-2d3204f0ba552409f1f450aba05fb5b5 img.avia_image{\nbox-shadow:none;\n}\n.avia-image-container.av-60z2c-2d3204f0ba552409f1f450aba05fb5b5 .av-image-caption-overlay-center{\ncolor:#ffffff;\n}\n<\/style>\n<div  class='avia-image-container av-60z2c-2d3204f0ba552409f1f450aba05fb5b5 av-styling- av-img-linked avia-align-center  avia-builder-el-6  avia-builder-el-no-sibling '   itemprop=\"image\" itemscope=\"itemscope\" itemtype=\"https:\/\/schema.org\/ImageObject\" ><div class=\"avia-image-container-inner\"><div class=\"avia-image-overlay-wrap\"><a href=\"https:\/\/odeceixesurfschool.com\/wp-content\/uploads\/2018\/03\/about-us-02-1030x686.jpg\" data-srcset=\"https:\/\/odeceixesurfschool.com\/wp-content\/uploads\/2018\/03\/about-us-02-1030x686.jpg 1030w, https:\/\/odeceixesurfschool.com\/wp-content\/uploads\/2018\/03\/about-us-02-300x200.jpg 300w, https:\/\/odeceixesurfschool.com\/wp-content\/uploads\/2018\/03\/about-us-02-768x512.jpg 768w, https:\/\/odeceixesurfschool.com\/wp-content\/uploads\/2018\/03\/about-us-02-705x470.jpg 705w, https:\/\/odeceixesurfschool.com\/wp-content\/uploads\/2018\/03\/about-us-02-450x300.jpg 450w, https:\/\/odeceixesurfschool.com\/wp-content\/uploads\/2018\/03\/about-us-02.jpg 1400w\" data-sizes=\"(max-width: 1030px) 100vw, 1030px\" class='avia_image '  aria-label='about-us-02'><img decoding=\"async\" fetchpriority=\"high\" class='wp-image-227 avia-img-lazy-loading-not-227 avia_image ' src=\"https:\/\/odeceixesurfschool.com\/wp-content\/uploads\/2018\/03\/about-us-02-495x400.jpg\" alt='' title='about-us-02'  height=\"400\" width=\"495\"  itemprop=\"thumbnailUrl\" srcset=\"https:\/\/odeceixesurfschool.com\/wp-content\/uploads\/2018\/03\/about-us-02-495x400.jpg 495w, https:\/\/odeceixesurfschool.com\/wp-content\/uploads\/2018\/03\/about-us-02-845x684.jpg 845w\" sizes=\"(max-width: 495px) 100vw, 495px\" \/><\/a><\/div><\/div><\/div><\/div><\/div><!--close column table wrapper. Autoclose: 1 -->\n\n<style type=\"text\/css\" data-created_by=\"avia_inline_auto\" id=\"style-css-av-5mywc-d9da199081bf9cf72eebc2250fa93246\">\n#top .hr.hr-invisible.av-5mywc-d9da199081bf9cf72eebc2250fa93246{\nheight:30px;\n}\n<\/style>\n<div  class='hr av-5mywc-d9da199081bf9cf72eebc2250fa93246 hr-invisible  avia-builder-el-7  el_after_av_one_half  el_before_av_section  avia-builder-el-last '><span class='hr-inner '><span class=\"hr-inner-style\"><\/span><\/span><\/div>\n<\/div><\/div><\/div><!-- close content main div --><\/div><\/div>\n<style type=\"text\/css\" data-created_by=\"avia_inline_auto\" id=\"style-css-av-5bt4g-e17f51c66a54908fe31c0d6b97871971\">\n.avia-section.av-5bt4g-e17f51c66a54908fe31c0d6b97871971 .av-parallax .av-parallax-inner{\nbackground-repeat:no-repeat;\nbackground-image:url(https:\/\/odeceixesurfschool.com\/wp-content\/uploads\/2018\/03\/header-06.jpg);\nbackground-position:0% 50%;\nbackground-attachment:scroll;\n}\n.avia-section.av-5bt4g-e17f51c66a54908fe31c0d6b97871971 .av-section-color-overlay{\nopacity:0.4;\nbackground-color:#000000;\n}\n<\/style>\n<div id='av_section_1'  class='avia-section av-5bt4g-e17f51c66a54908fe31c0d6b97871971 main_color avia-section-huge avia-no-shadow  avia-builder-el-8  el_after_av_hr  el_before_av_hr  av-parallax-section avia-bg-style-parallax av-section-color-overlay-active container_wrap sidebar_right'  data-section-bg-repeat='no-repeat'><div class='av-parallax' data-avia-parallax-ratio='0.3' ><div class='av-parallax-inner main_color avia-full-stretch'><\/div><\/div><div class=\"av-section-color-overlay-wrap\"><div class=\"av-section-color-overlay\"><\/div><div class='container av-section-cont-open' ><div class='template-page content  av-content-small alpha units'><div class='post-entry post-entry-type-page post-entry-437'><div class='entry-content-wrapper clearfix'>\n\n<style type=\"text\/css\" data-created_by=\"avia_inline_auto\" id=\"style-css-av-4kncg-93e9552a22ba077ade98cef7a0d4733a\">\n#top .av_textblock_section.av-4kncg-93e9552a22ba077ade98cef7a0d4733a .avia_textblock{\ncolor:#709622;\n}\n<\/style>\n<section  class='av_textblock_section av-4kncg-93e9552a22ba077ade98cef7a0d4733a '   itemscope=\"itemscope\" itemtype=\"https:\/\/schema.org\/CreativeWork\" ><div class='avia_textblock av_inherit_color'  itemprop=\"text\" ><h2 class=\"shadow-yellow\">\u201cDEIXA TODAS AS PREOCUPA\u00c7\u00d5ES PARA TR\u00c1S\u201d<\/h2>\n<\/div><\/section>\n<\/div><\/div><\/div><!-- close content main div --><\/div><\/div><\/div><div id='after_section_1'  class='main_color av_default_container_wrap container_wrap sidebar_right'  ><div class='container av-section-cont-open' ><div class='template-page content  av-content-small alpha units'><div class='post-entry post-entry-type-page post-entry-437'><div class='entry-content-wrapper clearfix'>\n\n<style type=\"text\/css\" data-created_by=\"avia_inline_auto\" id=\"style-css-av-3ms20-bba5ac1cc4518b47046f3198e17938ed\">\n#top .hr.hr-invisible.av-3ms20-bba5ac1cc4518b47046f3198e17938ed{\nheight:30px;\n}\n<\/style>\n<div  class='hr av-3ms20-bba5ac1cc4518b47046f3198e17938ed hr-invisible  avia-builder-el-10  el_after_av_section  el_before_av_one_half  avia-builder-el-first '><span class='hr-inner '><span class=\"hr-inner-style\"><\/span><\/span><\/div>\n\n<style type=\"text\/css\" data-created_by=\"avia_inline_auto\" id=\"style-css-av-3jsc8-4b8eb2f1249d523520a2f11258459892\">\n.flex_column.av-3jsc8-4b8eb2f1249d523520a2f11258459892{\nborder-radius:0px 0px 0px 0px;\npadding:0px 0px 0px 0px;\n}\n<\/style>\n<div  class='flex_column av-3jsc8-4b8eb2f1249d523520a2f11258459892 av_one_half  avia-builder-el-11  el_after_av_hr  el_before_av_one_half  first flex_column_div av-zero-column-padding  '     ><section  class='av_textblock_section av-2g1jw-193e8df3f96dad3621a486c55e36930a '   itemscope=\"itemscope\" itemtype=\"https:\/\/schema.org\/CreativeWork\" ><div class='avia_textblock'  itemprop=\"text\" ><h3><span class=\"themecolor\">O QUE<\/span> FAZEMOS N\u00d3S<\/h3>\n<p>A aventura come\u00e7a assim que n\u00f3s te apanhamos no teu alojamento.<\/p>\n<p>A partir da\u00ed \u00e9 um passeio panor\u00e2mico para a praia passando por aldeias Algarvias, campos de sobreiros, pescadores e arribas, frequentemente com breves paragens para absorver as espetaculares vistas costeiras.<\/p>\n<p>Na praia ir\u00e1s conhecer os nossos amig\u00e1veis instrutores que ir\u00e3o escolher a prancha e wetsuit adequados para ti.<\/p>\n<p>N\u00f3s temos uma enorme sele\u00e7\u00e3o de pranchas de v\u00e1rios tamanhos e wetsuits totalmente novos, renovados todos os anos.<\/p>\n<\/div><\/section><\/div>\n\n<style type=\"text\/css\" data-created_by=\"avia_inline_auto\" id=\"style-css-av-23qf4-342efe87b995d56772a278adc96eba1c\">\n.flex_column.av-23qf4-342efe87b995d56772a278adc96eba1c{\nborder-radius:0px 0px 0px 0px;\npadding:0px 0px 0px 0px;\n}\n<\/style>\n<div  class='flex_column av-23qf4-342efe87b995d56772a278adc96eba1c av_one_half  avia-builder-el-13  el_after_av_one_half  el_before_av_hr  flex_column_div av-zero-column-padding  '     ><section  class='av_textblock_section av-1bgwk-8f232ce40e991ccc40bfc8aecd24e8fe '   itemscope=\"itemscope\" itemtype=\"https:\/\/schema.org\/CreativeWork\" ><div class='avia_textblock'  itemprop=\"text\" ><h3>ALGUNS <span class=\"themecolor\">DETALHES<\/span><\/h3>\n<p>N\u00f3s damos as aulas com pequenos grupos, apenas 6-8 alunos por instrutor, para maximizar o teu tempo no mar e garantir que te divertes, que estejas seguro e aprendas o m\u00e1ximo poss\u00edvel.<\/p>\n<p>N\u00f3s damos aulas em Ingl\u00eas, Portugu\u00eas, Holand\u00eas, Italiano e Alem\u00e3o.<\/p>\n<p>Para al\u00e9m das aulas de surf, n\u00f3s tamb\u00e9m damos cursos de 3 e 5 dias e alugamos pranchas, bodyboards e wetsuits (fatos de surf). N\u00f3s at\u00e9 podemos providenciar pacotes que incluem alojamento.<\/p>\n<h3>OUTROS <span class=\"themecolor\">SOBRE N\u00d3S<\/span><\/h3>\n<p><a href=\"http:\/\/www.brita-soennichsen.de\/om-and-aloha\/\" target=\"_blank\" rel=\"noopener noreferrer\">www.brita-soennichsen.de<\/a><br \/>\n<a href=\"http:\/\/www.traveller.com.au\/tipi-valley-portugal-where-bali-meets-europe-1mqk40\" target=\"_blank\" rel=\"noopener noreferrer\">www.traveller.com.au<\/a><br \/>\n<a href=\"https:\/\/www.stuff.co.nz\/travel\/destinations\/europe\/68869397\/tipi-valley-portugal-where-bali-meets-europe\" target=\"_blank\" rel=\"noopener noreferrer\">www.stuff.co.nz<\/a><br \/>\n<a href=\"https:\/\/www.lonelyplanet.com\/portugal\/odeceixe\/activities\/odeceixe-surf-school\/a\/poi-act\/1374504\/1300054\" target=\"_blank\" rel=\"noopener noreferrer\">www.lonelyplanet.com<\/a><br \/>\n<a href=\"https:\/\/bookalgarve.co.uk\/listings\/odeceixe-surf-school\/\" target=\"_blank\" rel=\"noopener noreferrer\">www.bookalgarve.co.uk<\/a><br \/>\n<a href=\"https:\/\/www.youtube.com\/watch?v=aBVZCaz0-NY\" target=\"_blank\" rel=\"noopener noreferrer\">www.youtube.com<\/a><\/p>\n<\/div><\/section><\/div>\n<style type=\"text\/css\" data-created_by=\"avia_inline_auto\" id=\"style-css-av-zevk-263881ff16c8500abc42be57cef8ae03\">\n#top .hr.hr-invisible.av-zevk-263881ff16c8500abc42be57cef8ae03{\nheight:30px;\n}\n<\/style>\n<div  class='hr av-zevk-263881ff16c8500abc42be57cef8ae03 hr-invisible  avia-builder-el-15  el_after_av_one_half  avia-builder-el-last '><span class='hr-inner '><span class=\"hr-inner-style\"><\/span><\/span><\/div><\/p>\n","protected":false},"excerpt":{"rendered":"","protected":false},"author":1,"featured_media":0,"parent":0,"menu_order":0,"comment_status":"closed","ping_status":"closed","template":"","meta":{"footnotes":""},"class_list":["post-437","page","type-page","status-publish","hentry"],"_links":{"self":[{"href":"https:\/\/odeceixesurfschool.com\/pt\/wp-json\/wp\/v2\/pages\/437","targetHints":{"allow":["GET"]}}],"collection":[{"href":"https:\/\/odeceixesurfschool.com\/pt\/wp-json\/wp\/v2\/pages"}],"about":[{"href":"https:\/\/odeceixesurfschool.com\/pt\/wp-json\/wp\/v2\/types\/page"}],"author":[{"embeddable":true,"href":"https:\/\/odeceixesurfschool.com\/pt\/wp-json\/wp\/v2\/users\/1"}],"replies":[{"embeddable":true,"href":"https:\/\/odeceixesurfschool.com\/pt\/wp-json\/wp\/v2\/comments?post=437"}],"version-history":[{"count":5,"href":"https:\/\/odeceixesurfschool.com\/pt\/wp-json\/wp\/v2\/pages\/437\/revisions"}],"predecessor-version":[{"id":703,"href":"https:\/\/odeceixesurfschool.com\/pt\/wp-json\/wp\/v2\/pages\/437\/revisions\/703"}],"wp:attachment":[{"href":"https:\/\/odeceixesurfschool.com\/pt\/wp-json\/wp\/v2\/media?parent=437"}],"curies":[{"name":"wp","href":"https:\/\/api.w.org\/{rel}","templated":true}]}}