{"id":444,"date":"2018-08-14T17:07:56","date_gmt":"2018-08-14T17:07:56","guid":{"rendered":"https:\/\/odeceixesurfschool.com\/?page_id=444"},"modified":"2023-10-11T16:06:09","modified_gmt":"2023-10-11T16:06:09","slug":"localizacao","status":"publish","type":"page","link":"https:\/\/odeceixesurfschool.com\/pt\/localizacao\/","title":{"rendered":"Localiza\u00e7\u00e3o"},"content":{"rendered":"<div id='layer_slider_1'  class='avia-layerslider main_color avia-shadow  avia-builder-el-0  el_before_av_hr  avia-builder-el-first  container_wrap sidebar_right'  style='height: 401px;'  ><\/div><div id='after_layer_slider_1'  class='main_color av_default_container_wrap container_wrap sidebar_right'  ><div class='container av-section-cont-open' ><div class='template-page content  av-content-small alpha units'><div class='post-entry post-entry-type-page post-entry-444'><div class='entry-content-wrapper clearfix'>\n\n<style type=\"text\/css\" data-created_by=\"avia_inline_auto\" id=\"style-css-av-2v89u4-4a4e35e4fe006a39a08a3ba6229a9058\">\n#top .hr.hr-invisible.av-2v89u4-4a4e35e4fe006a39a08a3ba6229a9058{\nheight:30px;\n}\n<\/style>\n<div  class='hr av-2v89u4-4a4e35e4fe006a39a08a3ba6229a9058 hr-invisible  avia-builder-el-1  el_after_av_layerslider  el_before_av_three_fifth  avia-builder-el-first '><span class='hr-inner '><span class=\"hr-inner-style\"><\/span><\/span><\/div>\n<div class='flex_column_table av-2rk4w4-746fb5f83247c6f508c9c35a53cc762c sc-av_three_fifth av-equal-height-column-flextable'>\n<style type=\"text\/css\" data-created_by=\"avia_inline_auto\" id=\"style-css-av-2rk4w4-746fb5f83247c6f508c9c35a53cc762c\">\n.flex_column.av-2rk4w4-746fb5f83247c6f508c9c35a53cc762c{\nborder-radius:0px 0px 0px 0px;\npadding:0px 0px 0px 0px;\n}\n<\/style>\n<div  class='flex_column av-2rk4w4-746fb5f83247c6f508c9c35a53cc762c av_three_fifth  avia-builder-el-2  el_after_av_hr  el_before_av_two_fifth  first flex_column_table_cell av-equal-height-column av-align-middle av-zero-column-padding  '     ><section  class='av_textblock_section av-jktyavcf-793c0acdfbabb08a68cb2a7c6a04486f '   itemscope=\"itemscope\" itemtype=\"https:\/\/schema.org\/CreativeWork\" ><div class='avia_textblock'  itemprop=\"text\" ><h3>O <span class=\"themecolor\">ALGARVE<\/span><\/h3>\n<p>A vida \u00e9 simples na ponta sudoeste da Europa. No Algarve ocidental de Portugal, as pessoas vivem entre o barco de pesca e a mesa, os homens de bon\u00e9 passam horas em caf\u00e9s familiares a fumar e a beber caf\u00e9 e n\u00e3o \u00e9 invulgar ver passar carro\u00e7as ou um pastor com o seu rebanho por encostas poeirentas.<\/p>\n<p>A Odeceixe Surf School est\u00e1 na parte mais preservada do Algarve ocidental: a Costa Vicentina. Esta reserva natural de costa selvagem estende-se desde um pouco acima de Odeceixe, a nossa praia, at\u00e9 Sagres na ponta mais sudoeste de Portugal. \u00c9 um o\u00e1sis costeiro de praias imaculadas, arribas marinhas, enseadas rochosas e ilhas, brejos e montes florestados.<\/p>\n<\/div><\/section><\/div>\n<div class='av-flex-placeholder'><\/div>\n<style type=\"text\/css\" data-created_by=\"avia_inline_auto\" id=\"style-css-av-2i4zsc-8b69394eff991bb5b947fd143df083ed\">\n.flex_column.av-2i4zsc-8b69394eff991bb5b947fd143df083ed{\nborder-radius:0px 0px 0px 0px;\npadding:0px 0px 0px 0px;\n}\n<\/style>\n<div  class='flex_column av-2i4zsc-8b69394eff991bb5b947fd143df083ed av_two_fifth  avia-builder-el-4  el_after_av_three_fifth  el_before_av_hr  flex_column_table_cell av-equal-height-column av-align-middle av-zero-column-padding  '     ><section  class='av_textblock_section av-2dcbqk-114c4a612cae5f2c888c640402b88a62 '   itemscope=\"itemscope\" itemtype=\"https:\/\/schema.org\/CreativeWork\" ><div class='avia_textblock'  itemprop=\"text\" ><p><a class=\"avia_activate_lightbox\" href=\"https:\/\/odeceixesurfschool.com\/wp-content\/uploads\/2018\/03\/west-algarve.jpg\"><img decoding=\"async\" class=\"alignright size-portfolio wp-image-222\" src=\"https:\/\/odeceixesurfschool.com\/wp-content\/uploads\/2018\/03\/west-algarve-preview.jpg\" alt=\"\" width=\"100%\" height=\"auto\" srcset=\"https:\/\/odeceixesurfschool.com\/wp-content\/uploads\/2018\/03\/west-algarve-preview.jpg 960w, https:\/\/odeceixesurfschool.com\/wp-content\/uploads\/2018\/03\/west-algarve-preview-300x173.jpg 300w, https:\/\/odeceixesurfschool.com\/wp-content\/uploads\/2018\/03\/west-algarve-preview-768x442.jpg 768w, https:\/\/odeceixesurfschool.com\/wp-content\/uploads\/2018\/03\/west-algarve-preview-705x405.jpg 705w, https:\/\/odeceixesurfschool.com\/wp-content\/uploads\/2018\/03\/west-algarve-preview-450x259.jpg 450w\" sizes=\"(max-width: 960px) 100vw, 960px\" \/><\/a><\/p>\n<\/div><\/section><\/div><\/div><!--close column table wrapper. Autoclose: 1 -->\n\n<style type=\"text\/css\" data-created_by=\"avia_inline_auto\" id=\"style-css-av-2aj1wk-1c9a87419522cb499c41a2032eb26851\">\n#top .hr.hr-invisible.av-2aj1wk-1c9a87419522cb499c41a2032eb26851{\nheight:20px;\n}\n<\/style>\n<div  class='hr av-2aj1wk-1c9a87419522cb499c41a2032eb26851 hr-invisible  avia-builder-el-6  el_after_av_two_fifth  el_before_av_three_fifth '><span class='hr-inner '><span class=\"hr-inner-style\"><\/span><\/span><\/div>\n<div class='flex_column_table av-211vhw-d7d8c99b2a9d9438161726a3ffa3cada sc-av_three_fifth av-equal-height-column-flextable'>\n<style type=\"text\/css\" data-created_by=\"avia_inline_auto\" id=\"style-css-av-211vhw-d7d8c99b2a9d9438161726a3ffa3cada\">\n.flex_column.av-211vhw-d7d8c99b2a9d9438161726a3ffa3cada{\nborder-radius:0px 0px 0px 0px;\npadding:0px 0px 0px 0px;\n}\n<\/style>\n<div  class='flex_column av-211vhw-d7d8c99b2a9d9438161726a3ffa3cada av_three_fifth  avia-builder-el-7  el_after_av_hr  el_before_av_two_fifth  first flex_column_table_cell av-equal-height-column av-align-middle av-zero-column-padding  '     ><section  class='av_textblock_section av-jktykep7-8e9c2353cadff862d64057648bb1a0d6 '   itemscope=\"itemscope\" itemtype=\"https:\/\/schema.org\/CreativeWork\" ><div class='avia_textblock'  itemprop=\"text\" ><h3>A VILA DE <span class=\"themecolor\">ODECEIXE<\/span><\/h3>\n<p>Odeceixe \u00e9 uma pequena e tradicional vila portuguesa. A apenas tr\u00eas quil\u00f3metros da praia, \u00e9 sossegada, aut\u00eantica e tem muito que fazer quando n\u00e3o est\u00e1s na praia.<\/p>\n<p>Est\u00e1 precisamente na Rota Vicentina, um percurso de caminhada de 350 quil\u00f3metros desde a ponta sudoeste da Europa para norte. \u00c9 perfeita para caminhadas de um dia, assim como caminhadas mais curtas e mais longas; tu podes escolher seguir o Trilho do Pescador ou afastares-te da costa a visitar aldeias no Caminho Hist\u00f3rico.<\/p>\n<p>Odeceixe est\u00e1 tamb\u00e9m junto ao rio Seixe; existe um trilho ao longo do rio que te leva \u00e0 praia.<\/p>\n<p>A vila propriamente dita tem tabernas tradicionais especializadas em pescado, tal como sardinhas, polvo e percebes (uma iguaria local). Podes passear pelas ruas empedradas da vila, espreitar o moinho de vento antigo com velas de lona ou uma loja com lembran\u00e7as locais como tigelas de madeira de oliveira, canecas de barro ou cestas feitos \u00e0 m\u00e3o.<\/p>\n<\/div><\/section><\/div>\n<div class='av-flex-placeholder'><\/div>\n<style type=\"text\/css\" data-created_by=\"avia_inline_auto\" id=\"style-css-av-6mvvo-b9a4de7c4c74ef003e42ce42960f5cd0\">\n.flex_column.av-6mvvo-b9a4de7c4c74ef003e42ce42960f5cd0{\nborder-radius:0px 0px 0px 0px;\npadding:0px 0px 0px 0px;\nbackground-color:#efefef;\n}\n<\/style>\n<div  class='flex_column av-6mvvo-b9a4de7c4c74ef003e42ce42960f5cd0 av_two_fifth  avia-builder-el-9  el_after_av_three_fifth  el_before_av_hr  flex_column_table_cell av-equal-height-column av-align-middle av-zero-column-padding  '     ><section  class='av_textblock_section av-1s0jb0-61fc5d65ee11ea8b8758f24f165e0b4b '   itemscope=\"itemscope\" itemtype=\"https:\/\/schema.org\/CreativeWork\" ><div class='avia_textblock'  itemprop=\"text\" ><h3 style=\"text-align: center;\">Nice photo of the village<\/h3>\n<\/div><\/section><\/div><\/div><!--close column table wrapper. Autoclose: 1 -->\n\n<style type=\"text\/css\" data-created_by=\"avia_inline_auto\" id=\"style-css-av-1mfgvo-e0af92eb1b38e2526dc5517ce3e0d18f\">\n#top .hr.hr-invisible.av-1mfgvo-e0af92eb1b38e2526dc5517ce3e0d18f{\nheight:30px;\n}\n<\/style>\n<div  class='hr av-1mfgvo-e0af92eb1b38e2526dc5517ce3e0d18f hr-invisible  avia-builder-el-11  el_after_av_two_fifth  el_before_av_google_map  avia-builder-el-last '><span class='hr-inner '><span class=\"hr-inner-style\"><\/span><\/span><\/div>\n<div  class='av_gmaps_sc_main_wrap av_gmaps_main_wrap '><div id='av_gmap_0' class='avia-google-map-container avia-google-map-sc av_gmaps_show_unconditionally av-no-fallback-img ' data-mapid='av_gmap_0'  style='height: 400px;'><a class=\"av_gmaps_browser_disabled av_text_confirm_link av_text_confirm_link_visible\" href=\"https:\/\/www.google.com\/maps\/search\/?api=1&#038;query=Praia%20Odeceixe%208670-320%20%20Praia%20De%20Odeceixe%20%20Portugal\" target=\"_blank\">Maps were disabled by the visitor on this site. Click to open the map in a new window.<\/a><\/div><\/div>\n\n<style type=\"text\/css\" data-created_by=\"avia_inline_auto\" id=\"style-css-av-13ic1o-869a01f60583f3179518d6e672eeb6b5\">\n#top .hr.hr-invisible.av-13ic1o-869a01f60583f3179518d6e672eeb6b5{\nheight:30px;\n}\n<\/style>\n<div  class='hr av-13ic1o-869a01f60583f3179518d6e672eeb6b5 hr-invisible  avia-builder-el-13  el_after_av_google_map  el_before_av_textblock  avia-builder-el-first '><span class='hr-inner '><span class=\"hr-inner-style\"><\/span><\/span><\/div>\n<section  class='av_textblock_section av-jktyli5g-be31e837ee7a07f77edd49ccad14ed58 '   itemscope=\"itemscope\" itemtype=\"https:\/\/schema.org\/CreativeWork\" ><div class='avia_textblock'  itemprop=\"text\" ><h2>AS <span class=\"themecolor\">PRAIAS<\/span><\/h2>\n<p><strong>N\u00f3s damos aulas em quatro bonitas praias do Algarve ocidental, todas a apenas uma curta viagem da vila de Odeceixe.<\/strong><\/p>\n<p>As condi\u00e7\u00f5es de surf mudam todos os dias com o vento, ondula\u00e7\u00e3o e mar\u00e9s, mas n\u00f3s monitorizamos constantemente as condi\u00e7\u00f5es e encontramos sempre a melhor praia para o teu n\u00edvel de experi\u00eancia. Todas estas praias t\u00eam nadador-salvador durante os meses de ver\u00e3o.<\/p>\n<\/div><\/section>\n\n<style type=\"text\/css\" data-created_by=\"avia_inline_auto\" id=\"style-css-av-vudms-d1c3601a80462d53a02d315241dec85b\">\n.flex_column.av-vudms-d1c3601a80462d53a02d315241dec85b{\nborder-radius:0px 0px 0px 0px;\npadding:0px 0px 0px 0px;\n}\n<\/style>\n<div  class='flex_column av-vudms-d1c3601a80462d53a02d315241dec85b av_one_half  avia-builder-el-15  el_after_av_textblock  el_before_av_one_half  first flex_column_div av-zero-column-padding  column-top-margin'     ><section  class='av_textblock_section av-jktylv8e-4c85474ef5352add8375cc3f28c035be '   itemscope=\"itemscope\" itemtype=\"https:\/\/schema.org\/CreativeWork\" ><div class='avia_textblock'  itemprop=\"text\" ><h3>Odeceixe<\/h3>\n<p>\u00c9 dif\u00edcil acreditar que praias como a de Odeceixe ainda existem no continente Europeu. Esta n\u00e3o \u00e9 apenas a nossa praia, mas \u00e9 tamb\u00e9m uma das praias mais bonitas nesta faixa costeira com areia branca limpa e \u00e1gua transparente azul-esverdeado. E uma vez que o rio Seixe chega ao mar aqui, tu podes tirar o sal sal da pele ap\u00f3s o teu surf em \u00e1gua doce.<\/p>\n<p>Foi mesmo nomeada uma das 10 melhores praias de Portugal pelo Rough Guides em 2017.<\/p>\n<p>Odeceixe \u00e9 tamb\u00e9m uma das praias mais abrigadas no Algarve ocidental, tornando-a ideal para aprender a fazer surf.<\/p>\n<\/div><\/section><\/div>\n\n<style type=\"text\/css\" data-created_by=\"avia_inline_auto\" id=\"style-css-av-sfexo-90d0c3eb95916d9c410fa12fd5bfc711\">\n.flex_column.av-sfexo-90d0c3eb95916d9c410fa12fd5bfc711{\nborder-radius:0px 0px 0px 0px;\npadding:0px 0px 0px 0px;\n}\n<\/style>\n<div  class='flex_column av-sfexo-90d0c3eb95916d9c410fa12fd5bfc711 av_one_half  avia-builder-el-17  el_after_av_one_half  el_before_av_one_half  flex_column_div av-zero-column-padding  column-top-margin'     ><section  class='av_textblock_section av-jktymajm-127f44a933c92e1f265343cc08eb3d2b '   itemscope=\"itemscope\" itemtype=\"https:\/\/schema.org\/CreativeWork\" ><div class='avia_textblock'  itemprop=\"text\" ><h3>Arrifana<\/h3>\n<p>Esta longa praia de areia dourada fica numa enseada em forma de concha abrigada por altas arribas, que lhe d\u00e3o alguma prote\u00e7\u00e3o da fria nortada. \u00c9 uma praia de surf muito popular e pode ficar apinhada durante os meses do ver\u00e3o &#8211; mas se n\u00f3s te levarmos l\u00e1, n\u00f3s encontraremos um spot afastado dos outros surfistas.<\/p>\n<p>Chegar \u00e0 praia \u00e9 pelo menos metade do divertimento: descer uma estrada tortuosa, cheia de curvas, desde o topo das arribas at\u00e9 \u00e0 praia, onde ir\u00e1s encontrar alguns bares e restaurantes.<\/p>\n<\/div><\/section><\/div>\n\n<style type=\"text\/css\" data-created_by=\"avia_inline_auto\" id=\"style-css-av-jwqt8-27fefce66e3af87321ecdd70ce8590e8\">\n.flex_column.av-jwqt8-27fefce66e3af87321ecdd70ce8590e8{\nborder-radius:0px 0px 0px 0px;\npadding:0px 0px 0px 0px;\n}\n<\/style>\n<div  class='flex_column av-jwqt8-27fefce66e3af87321ecdd70ce8590e8 av_one_half  avia-builder-el-19  el_after_av_one_half  el_before_av_one_half  first flex_column_div av-zero-column-padding  column-top-margin'     ><section  class='av_textblock_section av-jktymo7h-25baca7d36cfbabc380ca9232f066c4c '   itemscope=\"itemscope\" itemtype=\"https:\/\/schema.org\/CreativeWork\" ><div class='avia_textblock'  itemprop=\"text\" ><h3>Amoreira<\/h3>\n<p>A praia local mais preservada de todas, a Amoreira tem uma vibe autentica de &#8220;deixa todas as preocupa\u00e7\u00f5es para tr\u00e1s&#8221;. \u00c9 tamb\u00e9m uma das mais longas das quatro praias que n\u00f3s usamos para aulas de surf, oferecendo uma variedade de tipos de ondas.<\/p>\n<p>A Amoreira encontra-se na boca do rio de Aljezur, que corre atrav\u00e9s do vale da Amoreira e a oeste da cidade de Aljezur, formando uma s\u00e9rie de lagoas. As dunas de areia proporcionam um abrigo do vento e na mar\u00e9 baixa, formam-se piscinas de baixa profundidade onde as crian\u00e7as podem brincar em seguran\u00e7a.<\/p>\n<p>Dependendo das condi\u00e7\u00f5es, a Amoreira \u00e9 muitas vezes uma excelente praia para deixar de apanhar ondas de espuma branca para passar a remar para ondas &#8220;verdes&#8221; no \u201coutside\u201d.<\/p>\n<\/div><\/section><\/div>\n\n<style type=\"text\/css\" data-created_by=\"avia_inline_auto\" id=\"style-css-av-cpdmc-811de1c431c4de78edb1df464f3598aa\">\n.flex_column.av-cpdmc-811de1c431c4de78edb1df464f3598aa{\nborder-radius:0px 0px 0px 0px;\npadding:0px 0px 0px 0px;\n}\n<\/style>\n<div  class='flex_column av-cpdmc-811de1c431c4de78edb1df464f3598aa av_one_half  avia-builder-el-21  el_after_av_one_half  el_before_av_hr  flex_column_div av-zero-column-padding  column-top-margin'     ><section  class='av_textblock_section av-jktyn22w-c63b41b840c4bda1038aad27128f632d '   itemscope=\"itemscope\" itemtype=\"https:\/\/schema.org\/CreativeWork\" ><div class='avia_textblock'  itemprop=\"text\" ><h3>Monte Clerigo<\/h3>\n<p>Esta \u00e9 uma das praias mais pitorescas desta \u00e1rea com a sua vila de casas brancas e telhados vermelhos a descerem a pequena encosta na sua extremidade sul e um vasto vale verde a estender-se para o interior.<\/p>\n<p>Podes aceder ao Monte Cl\u00e9rigo do lado norte atrav\u00e9s das dunas de areia ou atrav\u00e9s da vila onde existem alguns caf\u00e9s e restaurantes.<\/p>\n<p>\u00c9 uma praia ideal para fam\u00edlias e para surfistas iniciados devido \u00e0s suas t\u00edpicas pequenas ondas e porque as dunas de areia na extremidade norte da praia oferecem algum abrigo do vento. Na mar\u00e9 baixa, na extremidade sul da praia podes encontrar piscinas naturais de rocha para nadar.<\/p>\n<\/div><\/section><\/div>\n\n<style type=\"text\/css\" data-created_by=\"avia_inline_auto\" id=\"style-css-av-9axfw-c5f582b967b5d8c654d55e1f4fefe940\">\n#top .hr.hr-invisible.av-9axfw-c5f582b967b5d8c654d55e1f4fefe940{\nheight:30px;\n}\n<\/style>\n<div  class='hr av-9axfw-c5f582b967b5d8c654d55e1f4fefe940 hr-invisible  avia-builder-el-23  el_after_av_one_half  avia-builder-el-last '><span class='hr-inner '><span class=\"hr-inner-style\"><\/span><\/span><\/div>\n","protected":false},"excerpt":{"rendered":"","protected":false},"author":1,"featured_media":0,"parent":0,"menu_order":0,"comment_status":"closed","ping_status":"closed","template":"","meta":{"footnotes":""},"class_list":["post-444","page","type-page","status-publish","hentry"],"_links":{"self":[{"href":"https:\/\/odeceixesurfschool.com\/pt\/wp-json\/wp\/v2\/pages\/444","targetHints":{"allow":["GET"]}}],"collection":[{"href":"https:\/\/odeceixesurfschool.com\/pt\/wp-json\/wp\/v2\/pages"}],"about":[{"href":"https:\/\/odeceixesurfschool.com\/pt\/wp-json\/wp\/v2\/types\/page"}],"author":[{"embeddable":true,"href":"https:\/\/odeceixesurfschool.com\/pt\/wp-json\/wp\/v2\/users\/1"}],"replies":[{"embeddable":true,"href":"https:\/\/odeceixesurfschool.com\/pt\/wp-json\/wp\/v2\/comments?post=444"}],"version-history":[{"count":6,"href":"https:\/\/odeceixesurfschool.com\/pt\/wp-json\/wp\/v2\/pages\/444\/revisions"}],"predecessor-version":[{"id":752,"href":"https:\/\/odeceixesurfschool.com\/pt\/wp-json\/wp\/v2\/pages\/444\/revisions\/752"}],"wp:attachment":[{"href":"https:\/\/odeceixesurfschool.com\/pt\/wp-json\/wp\/v2\/media?parent=444"}],"curies":[{"name":"wp","href":"https:\/\/api.w.org\/{rel}","templated":true}]}}